{"id":8639,"date":"2021-11-04T14:30:12","date_gmt":"2021-11-04T14:30:12","guid":{"rendered":"http:\/\/dummy.xtemos.com\/woodmart2\/elementor\/?page_id=8639"},"modified":"2024-01-17T15:12:28","modified_gmt":"2024-01-17T15:12:28","slug":"a-propos-de-nous","status":"publish","type":"page","link":"https:\/\/vecafro221.com\/index.php\/a-propos-de-nous\/","title":{"rendered":"A Propos de Nous"},"content":{"rendered":"\t\t<div data-elementor-type=\"wp-page\" data-elementor-id=\"8639\" class=\"elementor elementor-8639\">\n\t\t\t\t\t\t\t\t\t<section class=\"wd-negative-gap elementor-section elementor-top-section elementor-element elementor-element-361906d1 wd-section-stretch elementor-section-content-middle elementor-section-boxed elementor-section-height-default elementor-section-height-default\" data-id=\"361906d1\" data-element_type=\"section\" data-settings=\"{&quot;background_background&quot;:&quot;classic&quot;}\">\n\t\t\t\t\t\t\t<div class=\"elementor-background-overlay\"><\/div>\n\t\t\t\t\t\t\t<div class=\"elementor-container elementor-column-gap-default\">\n\t\t\t\t\t<div class=\"elementor-column elementor-col-50 elementor-top-column elementor-element elementor-element-3051e021\" data-id=\"3051e021\" data-element_type=\"column\">\n\t\t\t<div class=\"elementor-widget-wrap elementor-element-populated\">\n\t\t\t\t\t\t\t\t<div class=\"elementor-element elementor-element-d5eda09 elementor-widget elementor-widget-wd_image_or_svg\" data-id=\"d5eda09\" data-element_type=\"widget\" data-widget_type=\"wd_image_or_svg.default\">\n\t\t\t\t<div class=\"elementor-widget-container\">\n\t\t\t\n\t\t<div class=\"wd-image text-center\">\n\t\t\t\t\t\t\t\t<img loading=\"lazy\" decoding=\"async\" width=\"1440\" height=\"1800\" src=\"https:\/\/vecafro221.com\/wp-content\/uploads\/2023\/10\/362231986_835224271648603_2203701145316128588_n.jpeg\" class=\"attachment-full size-full\" alt=\"\" srcset=\"https:\/\/vecafro221.com\/wp-content\/uploads\/2023\/10\/362231986_835224271648603_2203701145316128588_n.jpeg 1440w, https:\/\/vecafro221.com\/wp-content\/uploads\/2023\/10\/362231986_835224271648603_2203701145316128588_n-240x300.jpeg 240w, https:\/\/vecafro221.com\/wp-content\/uploads\/2023\/10\/362231986_835224271648603_2203701145316128588_n-640x800.jpeg 640w, https:\/\/vecafro221.com\/wp-content\/uploads\/2023\/10\/362231986_835224271648603_2203701145316128588_n-768x960.jpeg 768w, https:\/\/vecafro221.com\/wp-content\/uploads\/2023\/10\/362231986_835224271648603_2203701145316128588_n-1229x1536.jpeg 1229w, https:\/\/vecafro221.com\/wp-content\/uploads\/2023\/10\/362231986_835224271648603_2203701145316128588_n-860x1075.jpeg 860w, https:\/\/vecafro221.com\/wp-content\/uploads\/2023\/10\/362231986_835224271648603_2203701145316128588_n-1320x1650.jpeg 1320w, https:\/\/vecafro221.com\/wp-content\/uploads\/2023\/10\/362231986_835224271648603_2203701145316128588_n-430x538.jpeg 430w, https:\/\/vecafro221.com\/wp-content\/uploads\/2023\/10\/362231986_835224271648603_2203701145316128588_n-700x875.jpeg 700w, https:\/\/vecafro221.com\/wp-content\/uploads\/2023\/10\/362231986_835224271648603_2203701145316128588_n-150x188.jpeg 150w\" sizes=\"auto, (max-width: 1440px) 100vw, 1440px\" \/>\t\t\t\t\t<\/div>\n\n\t\t\t\t<\/div>\n\t\t\t\t<\/div>\n\t\t\t\t\t<\/div>\n\t\t<\/div>\n\t\t\t\t<div class=\"elementor-column elementor-col-50 elementor-top-column elementor-element elementor-element-740772c0 color-scheme-light\" data-id=\"740772c0\" data-element_type=\"column\">\n\t\t\t<div class=\"elementor-widget-wrap elementor-element-populated\">\n\t\t\t\t\t\t\t\t<div class=\"elementor-element elementor-element-69c44156 elementor-widget elementor-widget-wd_title\" data-id=\"69c44156\" data-element_type=\"widget\" data-widget_type=\"wd_title.default\">\n\t\t\t\t<div class=\"elementor-widget-container\">\n\t\t\t\t\t<div class=\"title-wrapper set-mb-s reset-last-child wd-title-color-primary wd-title-style-default wd-title-size-extra-large text-center\">\n\n\t\t\t\t\t\t\t<div class=\"title-subtitle subtitle-color-primary subtitle-style-default wd-fontsize-m\">\n\t\t\t\t\tVecafro221\t\t\t\t<\/div>\n\t\t\t\n\t\t\t<div class=\"liner-continer\">\n\t\t\t\t<h4 class=\"woodmart-title-container title wd-fontsize-xxxl\">Ibrahima Ndiaye<\/h4> \n\t\t\t\t\t\t\t<\/div>\n\n\t\t\t\t\t\t\t<div class=\"title-after_title set-cont-mb-s reset-last-child wd-fontsize-s\">\n\t\t\t\t\t<p><span style=\"vertical-align: inherit\"><span style=\"vertical-align: inherit\">VECAFRO 221 c'est l'histoire d'Ibrahima Ndiaye qui avait des probl\u00e8mes orthop\u00e9diques, et qui peinait \u00e0 trouver \u00ab chaussures \u00e0 ses pieds \u00bb. <\/span><span style=\"vertical-align: inherit\">Il a alors commenc\u00e9 \u00e0 fabriquer lui-m\u00eame des chaussures orthop\u00e9diques en cuir pour sa propre utilisation, mais vu l'int\u00e9r\u00eat suscit\u00e9 autour de lui, il d\u00e9cide alors de commencer \u00e0 les commercialiser. <\/span><span style=\"vertical-align: inherit\">En 2017, il a commenc\u00e9 \u00e0 confectionner des costumes africains, mais aussi des sandales et des accessoires et c'est l\u00e0 qu'est n\u00e9e la marque VECAFRO 221. Aujourd'hui install\u00e9 en centre-ville, il partage les locaux avec un fournisseur de tissu afin d'offrir \u00e0 sa client\u00e8le un service \u00ab Tout en Un \u00bb.<\/span><\/span><\/p>\t\t\t\t<\/div>\n\t\t\t\t\t<\/div>\n\t\t\t\t<\/div>\n\t\t\t\t<\/div>\n\t\t\t\t<div class=\"elementor-element elementor-element-1382498c elementor-widget__width-auto elementor-widget elementor-widget-wd_button\" data-id=\"1382498c\" data-element_type=\"widget\" data-widget_type=\"wd_button.default\">\n\t\t\t\t<div class=\"elementor-widget-container\">\n\t\t\t\t\t<div class=\"wd-button-wrapper text-left\" >\n\t\t\t<a class=\"btn btn-style-default btn-style-rectangle btn-size-default btn-color-default btn-icon-pos-right\"  href=\"#\">\n\t\t\t\t<span class=\"wd-btn-text\" data-elementor-setting-key=\"text\">\n\t\t\t\t\tContactez-nous\t\t\t\t<\/span>\n\n\t\t\t\t\t\t\t<\/a>\n\t\t<\/div>\n\t\t\t\t<\/div>\n\t\t\t\t<\/div>\n\t\t\t\t<div class=\"elementor-element elementor-element-705651a9 elementor-widget__width-auto elementor-hidden-tablet elementor-hidden-phone elementor-widget elementor-widget-wd_social_buttons\" data-id=\"705651a9\" data-element_type=\"widget\" data-widget_type=\"wd_social_buttons.default\">\n\t\t\t\t<div class=\"elementor-widget-container\">\n\t\t\t\n\t\t\t<div class=\" wd-social-icons icons-design-colored icons-size-default color-scheme-dark social-follow social-form-circle text-left\">\n\n\t\t\t\t\n\t\t\t\t\t\t\t\t\t<a rel=\"noopener noreferrer nofollow\" href=\"#\" target=\"_blank\" class=\" wd-social-icon social-facebook\" aria-label=\"Facebook social link\">\n\t\t\t\t\t\t<span class=\"wd-icon\"><\/span>\n\t\t\t\t\t\t\t\t\t\t\t<\/a>\n\t\t\t\t\n\t\t\t\t\t\t\t\t\t<a rel=\"noopener noreferrer nofollow\" href=\"#\" target=\"_blank\" class=\" wd-social-icon social-twitter\" aria-label=\"Twitter social link\">\n\t\t\t\t\t\t<span class=\"wd-icon\"><\/span>\n\t\t\t\t\t\t\t\t\t\t\t<\/a>\n\t\t\t\t\n\t\t\t\t\n\t\t\t\t\t\t\t\t\t<a rel=\"noopener noreferrer nofollow\" href=\"#\" target=\"_blank\" class=\" wd-social-icon social-instagram\" aria-label=\"Instagram social link\">\n\t\t\t\t\t\t<span class=\"wd-icon\"><\/span>\n\t\t\t\t\t\t\t\t\t\t\t<\/a>\n\t\t\t\t\n\t\t\t\t\t\t\t\t\t<a rel=\"noopener noreferrer nofollow\" href=\"#\" target=\"_blank\" class=\" wd-social-icon social-youtube\" aria-label=\"YouTube social link\">\n\t\t\t\t\t\t<span class=\"wd-icon\"><\/span>\n\t\t\t\t\t\t\t\t\t\t\t<\/a>\n\t\t\t\t\n\t\t\t\t\t\t\t\t\t<a rel=\"noopener noreferrer nofollow\" href=\"#\" target=\"_blank\" class=\" wd-social-icon social-pinterest\" aria-label=\"Pinterest social link\">\n\t\t\t\t\t\t<span class=\"wd-icon\"><\/span>\n\t\t\t\t\t\t\t\t\t\t\t<\/a>\n\t\t\t\t\n\t\t\t\t\n\t\t\t\t\n\t\t\t\t\n\t\t\t\t\n\t\t\t\t\n\t\t\t\t\n\t\t\t\t\n\t\t\t\t\n\t\t\t\t\n\t\t\t\t\n\t\t\t\t\n\t\t\t\t\t\t\t\t\n\t\t\t\t\t\t\t\t\n\t\t\t\t\n\t\t\t\t\n\t\t\t\t\t\t\t\t\n\t\t\t\t\n\t\t\t<\/div>\n\n\t\t\t\t<\/div>\n\t\t\t\t<\/div>\n\t\t\t\t\t<\/div>\n\t\t<\/div>\n\t\t\t\t\t\t\t<\/div>\n\t\t<\/section>\n\t\t\t\t\t\t\t<\/div>\n\t\t","protected":false},"excerpt":{"rendered":"<p>Vecafro221 Ibrahima Ndiaye VECAFRO 221 c&#8217;est l&#8217;histoire d&#8217;Ibrahima Ndiaye qui avait des probl\u00e8mes orthop\u00e9diques, et qui peinait \u00e0 trouver \u00ab<\/p>\n","protected":false},"author":1,"featured_media":0,"parent":0,"menu_order":0,"comment_status":"closed","ping_status":"closed","template":"","meta":{"footnotes":""},"class_list":["post-8639","page","type-page","status-publish","hentry"],"_links":{"self":[{"href":"https:\/\/vecafro221.com\/index.php\/wp-json\/wp\/v2\/pages\/8639","targetHints":{"allow":["GET"]}}],"collection":[{"href":"https:\/\/vecafro221.com\/index.php\/wp-json\/wp\/v2\/pages"}],"about":[{"href":"https:\/\/vecafro221.com\/index.php\/wp-json\/wp\/v2\/types\/page"}],"author":[{"embeddable":true,"href":"https:\/\/vecafro221.com\/index.php\/wp-json\/wp\/v2\/users\/1"}],"replies":[{"embeddable":true,"href":"https:\/\/vecafro221.com\/index.php\/wp-json\/wp\/v2\/comments?post=8639"}],"version-history":[{"count":10,"href":"https:\/\/vecafro221.com\/index.php\/wp-json\/wp\/v2\/pages\/8639\/revisions"}],"predecessor-version":[{"id":15885,"href":"https:\/\/vecafro221.com\/index.php\/wp-json\/wp\/v2\/pages\/8639\/revisions\/15885"}],"wp:attachment":[{"href":"https:\/\/vecafro221.com\/index.php\/wp-json\/wp\/v2\/media?parent=8639"}],"curies":[{"name":"wp","href":"https:\/\/api.w.org\/{rel}","templated":true}]}}