{"id":15903,"date":"2025-09-27T17:19:29","date_gmt":"2025-09-27T17:19:29","guid":{"rendered":"https:\/\/vecafro221.com\/?post_type=product&#038;p=15903"},"modified":"2025-09-27T17:19:29","modified_gmt":"2025-09-27T17:19:29","slug":"chaussure-orthopedique-en-cuir-marron","status":"publish","type":"product","link":"https:\/\/vecafro221.com\/index.php\/product\/chaussure-orthopedique-en-cuir-marron\/","title":{"rendered":"Chaussure orthop\u00e9dique en cuir (Marron)"},"content":{"rendered":"<p><strong>Description<\/strong> : chaussure orthop\u00e9dique cuir<br \/>\n&#8211; Dessus: Cuir<br \/>\n&#8211; Tremplin orthop\u00e9dique : cr\u00eape silicone bourr\u00e9 en cuir chevreau<br \/>\n&#8211; Semelle : silicone flexible durable, anti d\u00e9rapant<\/p>\n","protected":false},"excerpt":{"rendered":"<p>Description : chaussure orthop\u00e9dique cuir &#8211; Dessus: Cuir &#8211; Tremplin orthop\u00e9dique : cr\u00eape silicone bourr\u00e9 en cuir chevreau &#8211; Semelle<\/p>\n","protected":false},"featured_media":15904,"comment_status":"open","ping_status":"closed","template":"","meta":[],"product_cat":[29],"product_tag":[],"class_list":["post-15903","product","type-product","status-publish","has-post-thumbnail","hentry","product_cat-chaussures"],"_links":{"self":[{"href":"https:\/\/vecafro221.com\/index.php\/wp-json\/wp\/v2\/product\/15903","targetHints":{"allow":["GET"]}}],"collection":[{"href":"https:\/\/vecafro221.com\/index.php\/wp-json\/wp\/v2\/product"}],"about":[{"href":"https:\/\/vecafro221.com\/index.php\/wp-json\/wp\/v2\/types\/product"}],"replies":[{"embeddable":true,"href":"https:\/\/vecafro221.com\/index.php\/wp-json\/wp\/v2\/comments?post=15903"}],"version-history":[{"count":1,"href":"https:\/\/vecafro221.com\/index.php\/wp-json\/wp\/v2\/product\/15903\/revisions"}],"predecessor-version":[{"id":15905,"href":"https:\/\/vecafro221.com\/index.php\/wp-json\/wp\/v2\/product\/15903\/revisions\/15905"}],"wp:featuredmedia":[{"embeddable":true,"href":"https:\/\/vecafro221.com\/index.php\/wp-json\/wp\/v2\/media\/15904"}],"wp:attachment":[{"href":"https:\/\/vecafro221.com\/index.php\/wp-json\/wp\/v2\/media?parent=15903"}],"wp:term":[{"taxonomy":"product_cat","embeddable":true,"href":"https:\/\/vecafro221.com\/index.php\/wp-json\/wp\/v2\/product_cat?post=15903"},{"taxonomy":"product_tag","embeddable":true,"href":"https:\/\/vecafro221.com\/index.php\/wp-json\/wp\/v2\/product_tag?post=15903"}],"curies":[{"name":"wp","href":"https:\/\/api.w.org\/{rel}","templated":true}]}}