{"id":15912,"date":"2025-09-27T17:29:26","date_gmt":"2025-09-27T17:29:26","guid":{"rendered":"https:\/\/vecafro221.com\/?post_type=product&#038;p=15912"},"modified":"2025-09-27T17:29:26","modified_gmt":"2025-09-27T17:29:26","slug":"chaussure-orthopedique-cuir-verte","status":"publish","type":"product","link":"https:\/\/vecafro221.com\/index.php\/product\/chaussure-orthopedique-cuir-verte\/","title":{"rendered":"Chaussure Orthop\u00e9dique Cuir (Verte)"},"content":{"rendered":"<p><strong>Description<\/strong> : chaussure orthop\u00e9dique cuir<br \/>\n&#8211; <em>Dessus<\/em>: cuir<br \/>\n&#8211; <em>Tremplin orthop\u00e9dique<\/em> : cr\u00eape silicone bourr\u00e9 en cuir chevreau<br \/>\n&#8211; <em>Semelle<\/em> : silicone flexible durable, anti d\u00e9rapant<\/p>\n","protected":false},"excerpt":{"rendered":"<p>Description : chaussure orthop\u00e9dique cuir &#8211; Dessus: cuir &#8211; Tremplin orthop\u00e9dique : cr\u00eape silicone bourr\u00e9 en cuir chevreau &#8211; Semelle<\/p>\n","protected":false},"featured_media":15913,"comment_status":"open","ping_status":"closed","template":"","meta":[],"product_cat":[29],"product_tag":[],"class_list":["post-15912","product","type-product","status-publish","has-post-thumbnail","hentry","product_cat-chaussures"],"_links":{"self":[{"href":"https:\/\/vecafro221.com\/index.php\/wp-json\/wp\/v2\/product\/15912","targetHints":{"allow":["GET"]}}],"collection":[{"href":"https:\/\/vecafro221.com\/index.php\/wp-json\/wp\/v2\/product"}],"about":[{"href":"https:\/\/vecafro221.com\/index.php\/wp-json\/wp\/v2\/types\/product"}],"replies":[{"embeddable":true,"href":"https:\/\/vecafro221.com\/index.php\/wp-json\/wp\/v2\/comments?post=15912"}],"version-history":[{"count":1,"href":"https:\/\/vecafro221.com\/index.php\/wp-json\/wp\/v2\/product\/15912\/revisions"}],"predecessor-version":[{"id":15914,"href":"https:\/\/vecafro221.com\/index.php\/wp-json\/wp\/v2\/product\/15912\/revisions\/15914"}],"wp:featuredmedia":[{"embeddable":true,"href":"https:\/\/vecafro221.com\/index.php\/wp-json\/wp\/v2\/media\/15913"}],"wp:attachment":[{"href":"https:\/\/vecafro221.com\/index.php\/wp-json\/wp\/v2\/media?parent=15912"}],"wp:term":[{"taxonomy":"product_cat","embeddable":true,"href":"https:\/\/vecafro221.com\/index.php\/wp-json\/wp\/v2\/product_cat?post=15912"},{"taxonomy":"product_tag","embeddable":true,"href":"https:\/\/vecafro221.com\/index.php\/wp-json\/wp\/v2\/product_tag?post=15912"}],"curies":[{"name":"wp","href":"https:\/\/api.w.org\/{rel}","templated":true}]}}